{"id":30803,"date":"2023-03-14T16:06:48","date_gmt":"2023-03-14T15:06:48","guid":{"rendered":"https:\/\/watch-out.pastore-nicolet.com\/?post_type=product&#038;p=30803"},"modified":"2024-05-12T10:49:04","modified_gmt":"2024-05-12T08:49:04","slug":"fortis-flieger-f-39-black-sur-bracelet-aviator-f4220016","status":"publish","type":"product","link":"https:\/\/pastore-nicolet.com\/en\/produit\/fortis-flieger-f-39-black-sur-bracelet-aviator-f4220016\/","title":{"rendered":"Fortis Flieger F-39 Black sur Bracelet Aviator \u2013 F4220016"},"content":{"rendered":"<p style=\"line-height: 18px; text-align: justify; font-size: 14px;\">Fortis pose un nouveau jalon dans sa qu\u00eate de red\u00e9finition de la montre-outil. Inspir\u00e9e par la nature, la nouvelle collection Marinemaster se pr\u00e9sente sous la forme d&#8217;un design color\u00e9, robuste et solide, avec un grand souci du d\u00e9tail et de la fonctionnalit\u00e9. Que ce soit pour le ski, la planche \u00e0 voile, la randonn\u00e9e ou le camping, la nouvelle Marinemaster est le compagnon id\u00e9al de toute aventure en plein air.<\/p>\n<p style=\"line-height: 18px; text-align: justify; font-size: 14px;\">La collection se compose de cinq couleurs inspir\u00e9es de la nature : Les cadrans pr\u00e9sentent des index appliqu\u00e9s \u00e0 la main et un logo satur\u00e9 de Superluminova X1. Le motif refl\u00e8te d\u00e9licatement le \u00ab \u00bbO \u00bb \u00bb de Fortis. Pour la premi\u00e8re fois dans l\u2019industrie horlog\u00e8re, Fortis a introduit l\u2019acier recycl\u00e9 pour red\u00e9finir ses montres-outils. Cet esprit de durabilit\u00e9 se poursuit avec la collection Marinemaster.<\/p>\n<p style=\"text-align: justify; font-size: 14px;\">D\u00e9couvrir la <a href=\"https:\/\/swisswatchavenue.com\/categorie-produit\/fortis\/sea-collection\/\"><strong>Sea collection<\/strong><\/a> de <a href=\"https:\/\/swisswatchavenue.com\/categorie-produit\/fortis\/\"><strong>Fortis<\/strong><\/a><\/p>\n","protected":false},"excerpt":{"rendered":"<p>Fortis pose un nouveau jalon dans sa qu\u00eate de red\u00e9finition de la montre-outil. Inspir\u00e9e par la nature, la nouvelle collection Marinemaster se pr\u00e9sente sous la forme d&#8217;un design color\u00e9, robuste et solide, avec un grand souci du d\u00e9tail et de la fonctionnalit\u00e9. Que ce soit pour le ski, la planche \u00e0 voile, la randonn\u00e9e ou [&hellip;]<\/p>\n","protected":false},"featured_media":45259,"comment_status":"open","ping_status":"closed","template":"","meta":{"_acf_changed":false},"product_cat":[197,196,927],"product_tag":[401,400],"class_list":{"0":"post-30803","1":"product","2":"type-product","3":"status-publish","4":"has-post-thumbnail","6":"product_cat-fortis-flieger","7":"product_cat-montres-fortis","8":"product_cat-montres-homme","9":"product_tag-montres-automatiques","10":"product_tag-montres-homme","12":"first","13":"instock","14":"taxable","15":"shipping-taxable","16":"purchasable","17":"product-type-simple","swatches":"rey-swatches","show_selected":""},"acf":[],"yoast_head":"<!-- This site is optimized with the Yoast SEO Premium plugin v27.3 (Yoast SEO v27.3) - https:\/\/yoast.com\/product\/yoast-seo-premium-wordpress\/ -->\n<title>Fortis Flieger F-39 Black sur Bracelet Aviator \u2013 F4220016 | Pastore-Nicolet<\/title>\n<meta name=\"robots\" content=\"index, follow, max-snippet:-1, max-image-preview:large, max-video-preview:-1\" \/>\n<link rel=\"canonical\" href=\"https:\/\/pastore-nicolet.com\/en\/produit\/fortis-flieger-f-39-black-sur-bracelet-aviator-f4220016\/\" \/>\n<meta property=\"og:locale\" content=\"en_US\" \/>\n<meta property=\"og:type\" content=\"article\" \/>\n<meta property=\"og:title\" content=\"Fortis Flieger F-39 Black sur Bracelet Aviator \u2013 F4220016\" \/>\n<meta property=\"og:description\" content=\"Fortis pose un nouveau jalon dans sa qu\u00eate de red\u00e9finition de la montre-outil. Inspir\u00e9e par la nature, la nouvelle collection Marinemaster se pr\u00e9sente sous la forme d&#8217;un design color\u00e9, robuste et solide, avec un grand souci du d\u00e9tail et de la fonctionnalit\u00e9. Que ce soit pour le ski, la planche \u00e0 voile, la randonn\u00e9e ou [&hellip;]\" \/>\n<meta property=\"og:url\" content=\"https:\/\/pastore-nicolet.com\/en\/produit\/fortis-flieger-f-39-black-sur-bracelet-aviator-f4220016\/\" \/>\n<meta property=\"og:site_name\" content=\"Pastore-Nicolet\" \/>\n<meta property=\"article:publisher\" content=\"https:\/\/www.facebook.com\/PastoreNicolet\" \/>\n<meta property=\"article:modified_time\" content=\"2024-05-12T08:49:04+00:00\" \/>\n<meta property=\"og:image\" content=\"https:\/\/pastore-nicolet.com\/wp-content\/uploads\/2024\/05\/Montre-Fortis-Flieger-F-39-Automatic-Noir-sur-Bracelet-Aviator-F4220016-Pastore-Nicolet.webp\" \/>\n\t<meta property=\"og:image:width\" content=\"1000\" \/>\n\t<meta property=\"og:image:height\" content=\"1000\" \/>\n\t<meta property=\"og:image:type\" content=\"image\/webp\" \/>\n<meta name=\"twitter:card\" content=\"summary_large_image\" \/>\n<meta name=\"twitter:label1\" content=\"Price\" \/>\n\t<meta name=\"twitter:data1\" content=\"1&#039;950.00&nbsp;&#067;&#072;&#070;\" \/>\n\t<meta name=\"twitter:label2\" content=\"Availability\" \/>\n\t<meta name=\"twitter:data2\" content=\"In stock\" \/>\n<script type=\"application\/ld+json\" class=\"yoast-schema-graph\">{\"@context\":\"https:\\\/\\\/schema.org\",\"@graph\":[{\"@type\":\"WebPage\",\"@id\":\"https:\\\/\\\/pastore-nicolet.com\\\/en\\\/produit\\\/fortis-flieger-f-39-black-sur-bracelet-aviator-f4220016\\\/\",\"url\":\"https:\\\/\\\/pastore-nicolet.com\\\/en\\\/produit\\\/fortis-flieger-f-39-black-sur-bracelet-aviator-f4220016\\\/\",\"name\":\"Fortis Flieger F-39 Black sur Bracelet Aviator \u2013 F4220016 | Pastore-Nicolet\",\"isPartOf\":{\"@id\":\"https:\\\/\\\/pastore-nicolet.com\\\/en\\\/#website\"},\"primaryImageOfPage\":{\"@id\":\"https:\\\/\\\/pastore-nicolet.com\\\/en\\\/produit\\\/fortis-flieger-f-39-black-sur-bracelet-aviator-f4220016\\\/#primaryimage\"},\"image\":{\"@id\":\"https:\\\/\\\/pastore-nicolet.com\\\/en\\\/produit\\\/fortis-flieger-f-39-black-sur-bracelet-aviator-f4220016\\\/#primaryimage\"},\"thumbnailUrl\":\"https:\\\/\\\/pastore-nicolet.com\\\/wp-content\\\/uploads\\\/2024\\\/05\\\/Montre-Fortis-Flieger-F-39-Automatic-Noir-sur-Bracelet-Aviator-F4220016-Pastore-Nicolet.webp\",\"datePublished\":\"2023-03-14T15:06:48+00:00\",\"dateModified\":\"2024-05-12T08:49:04+00:00\",\"breadcrumb\":{\"@id\":\"https:\\\/\\\/pastore-nicolet.com\\\/en\\\/produit\\\/fortis-flieger-f-39-black-sur-bracelet-aviator-f4220016\\\/#breadcrumb\"},\"inLanguage\":\"en-US\",\"potentialAction\":[{\"@type\":\"ReadAction\",\"target\":[\"https:\\\/\\\/pastore-nicolet.com\\\/en\\\/produit\\\/fortis-flieger-f-39-black-sur-bracelet-aviator-f4220016\\\/\"]}]},{\"@type\":\"ImageObject\",\"inLanguage\":\"en-US\",\"@id\":\"https:\\\/\\\/pastore-nicolet.com\\\/en\\\/produit\\\/fortis-flieger-f-39-black-sur-bracelet-aviator-f4220016\\\/#primaryimage\",\"url\":\"https:\\\/\\\/pastore-nicolet.com\\\/wp-content\\\/uploads\\\/2024\\\/05\\\/Montre-Fortis-Flieger-F-39-Automatic-Noir-sur-Bracelet-Aviator-F4220016-Pastore-Nicolet.webp\",\"contentUrl\":\"https:\\\/\\\/pastore-nicolet.com\\\/wp-content\\\/uploads\\\/2024\\\/05\\\/Montre-Fortis-Flieger-F-39-Automatic-Noir-sur-Bracelet-Aviator-F4220016-Pastore-Nicolet.webp\",\"width\":1000,\"height\":1000},{\"@type\":\"BreadcrumbList\",\"@id\":\"https:\\\/\\\/pastore-nicolet.com\\\/en\\\/produit\\\/fortis-flieger-f-39-black-sur-bracelet-aviator-f4220016\\\/#breadcrumb\",\"itemListElement\":[{\"@type\":\"ListItem\",\"position\":1,\"name\":\"Accueil\",\"item\":\"https:\\\/\\\/pastore-nicolet.com\\\/en\\\/\"},{\"@type\":\"ListItem\",\"position\":2,\"name\":\"Shop\",\"item\":\"https:\\\/\\\/pastore-nicolet.com\\\/en\\\/shop\\\/\"},{\"@type\":\"ListItem\",\"position\":3,\"name\":\"Fortis Flieger F-39 Black sur Bracelet Aviator \u2013 F4220016\"}]},{\"@type\":\"WebSite\",\"@id\":\"https:\\\/\\\/pastore-nicolet.com\\\/en\\\/#website\",\"url\":\"https:\\\/\\\/pastore-nicolet.com\\\/en\\\/\",\"name\":\"Pastore-Nicolet\",\"description\":\"Montres et Bijoux depuis 1937\",\"publisher\":{\"@id\":\"https:\\\/\\\/pastore-nicolet.com\\\/en\\\/#organization\"},\"potentialAction\":[{\"@type\":\"SearchAction\",\"target\":{\"@type\":\"EntryPoint\",\"urlTemplate\":\"https:\\\/\\\/pastore-nicolet.com\\\/en\\\/?s={search_term_string}\"},\"query-input\":{\"@type\":\"PropertyValueSpecification\",\"valueRequired\":true,\"valueName\":\"search_term_string\"}}],\"inLanguage\":\"en-US\"},{\"@type\":\"Organization\",\"@id\":\"https:\\\/\\\/pastore-nicolet.com\\\/en\\\/#organization\",\"name\":\"Pastore-Nicolet\",\"url\":\"https:\\\/\\\/pastore-nicolet.com\\\/en\\\/\",\"logo\":{\"@type\":\"ImageObject\",\"inLanguage\":\"en-US\",\"@id\":\"https:\\\/\\\/pastore-nicolet.com\\\/en\\\/#\\\/schema\\\/logo\\\/image\\\/\",\"url\":\"https:\\\/\\\/pastore-nicolet.com\\\/wp-content\\\/uploads\\\/2023\\\/08\\\/pastore-nicolet-logo-noir.png\",\"contentUrl\":\"https:\\\/\\\/pastore-nicolet.com\\\/wp-content\\\/uploads\\\/2023\\\/08\\\/pastore-nicolet-logo-noir.png\",\"width\":400,\"height\":200,\"caption\":\"Pastore-Nicolet\"},\"image\":{\"@id\":\"https:\\\/\\\/pastore-nicolet.com\\\/en\\\/#\\\/schema\\\/logo\\\/image\\\/\"},\"sameAs\":[\"https:\\\/\\\/www.facebook.com\\\/PastoreNicolet\",\"https:\\\/\\\/www.instagram.com\\\/pastore_nicolet\\\/\"],\"description\":\"Revendeur officiel de montres et de bijoux - Entreprise familiale depuis 1937\",\"email\":\"office@pastore-nicolet.com\",\"telephone\":\"0041 22 732 26 68\",\"legalName\":\"Pastore-Nicolet SA\",\"foundingDate\":\"1937-01-01\",\"vatID\":\"CHE-107.742.646\",\"numberOfEmployees\":{\"@type\":\"QuantitativeValue\",\"minValue\":\"1\",\"maxValue\":\"10\"}}]}<\/script>\n<meta property=\"product:brand\" content=\"Fortis\" \/>\n<meta property=\"product:price:amount\" content=\"1950.00\" \/>\n<meta property=\"product:price:currency\" content=\"CHF\" \/>\n<meta property=\"og:availability\" content=\"instock\" \/>\n<meta property=\"product:availability\" content=\"instock\" \/>\n<meta property=\"product:retailer_item_id\" content=\"F4220016\" \/>\n<meta property=\"product:condition\" content=\"new\" \/>\n<!-- \/ Yoast SEO Premium plugin. -->","yoast_head_json":{"title":"Fortis Flieger F-39 Black sur Bracelet Aviator \u2013 F4220016 | Pastore-Nicolet","robots":{"index":"index","follow":"follow","max-snippet":"max-snippet:-1","max-image-preview":"max-image-preview:large","max-video-preview":"max-video-preview:-1"},"canonical":"https:\/\/pastore-nicolet.com\/en\/produit\/fortis-flieger-f-39-black-sur-bracelet-aviator-f4220016\/","og_locale":"en_US","og_type":"article","og_title":"Fortis Flieger F-39 Black sur Bracelet Aviator \u2013 F4220016","og_description":"Fortis pose un nouveau jalon dans sa qu\u00eate de red\u00e9finition de la montre-outil. Inspir\u00e9e par la nature, la nouvelle collection Marinemaster se pr\u00e9sente sous la forme d&#8217;un design color\u00e9, robuste et solide, avec un grand souci du d\u00e9tail et de la fonctionnalit\u00e9. Que ce soit pour le ski, la planche \u00e0 voile, la randonn\u00e9e ou [&hellip;]","og_url":"https:\/\/pastore-nicolet.com\/en\/produit\/fortis-flieger-f-39-black-sur-bracelet-aviator-f4220016\/","og_site_name":"Pastore-Nicolet","article_publisher":"https:\/\/www.facebook.com\/PastoreNicolet","article_modified_time":"2024-05-12T08:49:04+00:00","og_image":[{"width":1000,"height":1000,"url":"https:\/\/pastore-nicolet.com\/wp-content\/uploads\/2024\/05\/Montre-Fortis-Flieger-F-39-Automatic-Noir-sur-Bracelet-Aviator-F4220016-Pastore-Nicolet.webp","type":"image\/webp"}],"twitter_card":"summary_large_image","twitter_misc":{"Price":"1'950.00&nbsp;&#67;&#72;&#70;","Availability":"In stock"},"schema":{"@context":"https:\/\/schema.org","@graph":[{"@type":"WebPage","@id":"https:\/\/pastore-nicolet.com\/en\/produit\/fortis-flieger-f-39-black-sur-bracelet-aviator-f4220016\/","url":"https:\/\/pastore-nicolet.com\/en\/produit\/fortis-flieger-f-39-black-sur-bracelet-aviator-f4220016\/","name":"Fortis Flieger F-39 Black sur Bracelet Aviator \u2013 F4220016 | Pastore-Nicolet","isPartOf":{"@id":"https:\/\/pastore-nicolet.com\/en\/#website"},"primaryImageOfPage":{"@id":"https:\/\/pastore-nicolet.com\/en\/produit\/fortis-flieger-f-39-black-sur-bracelet-aviator-f4220016\/#primaryimage"},"image":{"@id":"https:\/\/pastore-nicolet.com\/en\/produit\/fortis-flieger-f-39-black-sur-bracelet-aviator-f4220016\/#primaryimage"},"thumbnailUrl":"https:\/\/pastore-nicolet.com\/wp-content\/uploads\/2024\/05\/Montre-Fortis-Flieger-F-39-Automatic-Noir-sur-Bracelet-Aviator-F4220016-Pastore-Nicolet.webp","datePublished":"2023-03-14T15:06:48+00:00","dateModified":"2024-05-12T08:49:04+00:00","breadcrumb":{"@id":"https:\/\/pastore-nicolet.com\/en\/produit\/fortis-flieger-f-39-black-sur-bracelet-aviator-f4220016\/#breadcrumb"},"inLanguage":"en-US","potentialAction":[{"@type":"ReadAction","target":["https:\/\/pastore-nicolet.com\/en\/produit\/fortis-flieger-f-39-black-sur-bracelet-aviator-f4220016\/"]}]},{"@type":"ImageObject","inLanguage":"en-US","@id":"https:\/\/pastore-nicolet.com\/en\/produit\/fortis-flieger-f-39-black-sur-bracelet-aviator-f4220016\/#primaryimage","url":"https:\/\/pastore-nicolet.com\/wp-content\/uploads\/2024\/05\/Montre-Fortis-Flieger-F-39-Automatic-Noir-sur-Bracelet-Aviator-F4220016-Pastore-Nicolet.webp","contentUrl":"https:\/\/pastore-nicolet.com\/wp-content\/uploads\/2024\/05\/Montre-Fortis-Flieger-F-39-Automatic-Noir-sur-Bracelet-Aviator-F4220016-Pastore-Nicolet.webp","width":1000,"height":1000},{"@type":"BreadcrumbList","@id":"https:\/\/pastore-nicolet.com\/en\/produit\/fortis-flieger-f-39-black-sur-bracelet-aviator-f4220016\/#breadcrumb","itemListElement":[{"@type":"ListItem","position":1,"name":"Accueil","item":"https:\/\/pastore-nicolet.com\/en\/"},{"@type":"ListItem","position":2,"name":"Shop","item":"https:\/\/pastore-nicolet.com\/en\/shop\/"},{"@type":"ListItem","position":3,"name":"Fortis Flieger F-39 Black sur Bracelet Aviator \u2013 F4220016"}]},{"@type":"WebSite","@id":"https:\/\/pastore-nicolet.com\/en\/#website","url":"https:\/\/pastore-nicolet.com\/en\/","name":"Pastore-Nicolet","description":"Montres et Bijoux depuis 1937","publisher":{"@id":"https:\/\/pastore-nicolet.com\/en\/#organization"},"potentialAction":[{"@type":"SearchAction","target":{"@type":"EntryPoint","urlTemplate":"https:\/\/pastore-nicolet.com\/en\/?s={search_term_string}"},"query-input":{"@type":"PropertyValueSpecification","valueRequired":true,"valueName":"search_term_string"}}],"inLanguage":"en-US"},{"@type":"Organization","@id":"https:\/\/pastore-nicolet.com\/en\/#organization","name":"Pastore-Nicolet","url":"https:\/\/pastore-nicolet.com\/en\/","logo":{"@type":"ImageObject","inLanguage":"en-US","@id":"https:\/\/pastore-nicolet.com\/en\/#\/schema\/logo\/image\/","url":"https:\/\/pastore-nicolet.com\/wp-content\/uploads\/2023\/08\/pastore-nicolet-logo-noir.png","contentUrl":"https:\/\/pastore-nicolet.com\/wp-content\/uploads\/2023\/08\/pastore-nicolet-logo-noir.png","width":400,"height":200,"caption":"Pastore-Nicolet"},"image":{"@id":"https:\/\/pastore-nicolet.com\/en\/#\/schema\/logo\/image\/"},"sameAs":["https:\/\/www.facebook.com\/PastoreNicolet","https:\/\/www.instagram.com\/pastore_nicolet\/"],"description":"Revendeur officiel de montres et de bijoux - Entreprise familiale depuis 1937","email":"office@pastore-nicolet.com","telephone":"0041 22 732 26 68","legalName":"Pastore-Nicolet SA","foundingDate":"1937-01-01","vatID":"CHE-107.742.646","numberOfEmployees":{"@type":"QuantitativeValue","minValue":"1","maxValue":"10"}}]},"product_brand":"Fortis","product_price_amount":"1950.00","product_price_currency":"CHF","og_availability":"instock","product_availability":"instock","product_retailer_item_id":"F4220016","product_condition":"new"},"_links":{"self":[{"href":"https:\/\/pastore-nicolet.com\/en\/wp-json\/wp\/v2\/product\/30803","targetHints":{"allow":["GET"]}}],"collection":[{"href":"https:\/\/pastore-nicolet.com\/en\/wp-json\/wp\/v2\/product"}],"about":[{"href":"https:\/\/pastore-nicolet.com\/en\/wp-json\/wp\/v2\/types\/product"}],"replies":[{"embeddable":true,"href":"https:\/\/pastore-nicolet.com\/en\/wp-json\/wp\/v2\/comments?post=30803"}],"wp:featuredmedia":[{"embeddable":true,"href":"https:\/\/pastore-nicolet.com\/en\/wp-json\/wp\/v2\/media\/45259"}],"wp:attachment":[{"href":"https:\/\/pastore-nicolet.com\/en\/wp-json\/wp\/v2\/media?parent=30803"}],"wp:term":[{"taxonomy":"product_cat","embeddable":true,"href":"https:\/\/pastore-nicolet.com\/en\/wp-json\/wp\/v2\/product_cat?post=30803"},{"taxonomy":"product_tag","embeddable":true,"href":"https:\/\/pastore-nicolet.com\/en\/wp-json\/wp\/v2\/product_tag?post=30803"}],"curies":[{"name":"wp","href":"https:\/\/api.w.org\/{rel}","templated":true}]}}